{"id":20,"date":"2017-10-02T21:01:40","date_gmt":"2017-10-02T21:01:40","guid":{"rendered":"http:\/\/spitze-beraten.de\/?page_id=20"},"modified":"2023-03-18T17:57:10","modified_gmt":"2023-03-18T17:57:10","slug":"guter-rat-ist-selten","status":"publish","type":"page","link":"https:\/\/spitzeberaten.de\/","title":{"rendered":"Guter Rat ist selten"},"content":{"rendered":"<h3>&#8230; aber nicht hier bei: Spitze Beraten!<\/h3>\n<p>Hier werden Ratschl\u00e4ge und Tipps zu den Themen Immobilien, Geldanlagen, Finanzierungen und Reisen \/ Lifestyle ver\u00f6ffentlicht.<\/p>\n<h2>Guter Rat zu unterschiedlichen Themen<\/h2>\n<h4><a href=\"https:\/\/spitzeberaten.de\/?cat=5\" data-wplink-edit=\"true\">Immobilien<\/a><\/h4>\n<p>Lassen Sie sich Anregungen in Sachen Immobilien geben von einem erfahrenen Kaufmann, der mehr als 25 Jahre in der Immobilienbranche t\u00e4tig war und jetzt noch als privater Vermieter aktiv ist.<\/p>\n<p><img loading=\"lazy\" decoding=\"async\" class=\"alignnone wp-image-550\" src=\"https:\/\/spitzeberaten.de\/wp-content\/uploads\/2021\/02\/Haus-Warendorfer-94-scaled-1-300x190.jpg\" alt=\"Guter Rat, neuer Anstrich\" width=\"152\" height=\"96\" srcset=\"https:\/\/spitzeberaten.de\/wp-content\/uploads\/2021\/02\/Haus-Warendorfer-94-scaled-1-300x190.jpg 300w, https:\/\/spitzeberaten.de\/wp-content\/uploads\/2021\/02\/Haus-Warendorfer-94-scaled-1-1024x648.jpg 1024w, https:\/\/spitzeberaten.de\/wp-content\/uploads\/2021\/02\/Haus-Warendorfer-94-scaled-1-768x486.jpg 768w, https:\/\/spitzeberaten.de\/wp-content\/uploads\/2021\/02\/Haus-Warendorfer-94-scaled-1-1536x972.jpg 1536w, https:\/\/spitzeberaten.de\/wp-content\/uploads\/2021\/02\/Haus-Warendorfer-94-scaled-1-2048x1296.jpg 2048w\" sizes=\"auto, (max-width: 152px) 100vw, 152px\" \/><\/p>\n<h4><a href=\"https:\/\/spitzeberaten.de\/?cat=3\">Geldanlagen<\/a><\/h4>\n<p>Pr\u00fcfen Sie, welche M\u00f6glichkeiten es gibt, wenn Sie Ihr Geld in einem vern\u00fcnftigen Verh\u00e4ltnis von Sicherheit, Liquidit\u00e4t und Rendite anlegen wollen. Was f\u00fcr Anlagen sollten Sie meiden?<\/p>\n<h4><a href=\"https:\/\/spitzeberaten.de\/?cat=4\">Finanzierungen<\/a><\/h4>\n<p>Ben\u00f6tigen Sie eine Finanzierung oder eine Kreditkarte? Aber welche sind die richtigen f\u00fcr Sie und Ihre Anspr\u00fcche? Lesen Sie, welche Angebote zu Ihnen passen k\u00f6nnten.<\/p>\n<h4><a href=\"https:\/\/spitzeberaten.de\/?cat=7\">Reisen \/ Lifestyle<\/a><\/h4>\n<p>Gehen Sie gerne auf Reisen? Was sollten Sie beachten, wenn Sie neue L\u00e4nder kennen lernen wollen? Was sollte in den Koffer? Zu welcher Jahreszeit wohin? Auf diese und \u00e4hnliche Fragen sollen Sie hier Antworten erhalten.<\/p>\n<p><img loading=\"lazy\" decoding=\"async\" class=\"alignnone wp-image-73 \" src=\"https:\/\/spitzeberaten.de\/wp-content\/uploads\/2017\/10\/P7200955-300x225.jpg\" alt=\"Guter Rat\" width=\"138\" height=\"103\" srcset=\"https:\/\/spitzeberaten.de\/wp-content\/uploads\/2017\/10\/P7200955-300x225.jpg 300w, https:\/\/spitzeberaten.de\/wp-content\/uploads\/2017\/10\/P7200955-1024x768.jpg 1024w, https:\/\/spitzeberaten.de\/wp-content\/uploads\/2017\/10\/P7200955-768x576.jpg 768w, https:\/\/spitzeberaten.de\/wp-content\/uploads\/2017\/10\/P7200955-1536x1152.jpg 1536w, https:\/\/spitzeberaten.de\/wp-content\/uploads\/2017\/10\/P7200955-2048x1536.jpg 2048w\" sizes=\"auto, (max-width: 138px) 100vw, 138px\" \/><\/p>\n<h4><a href=\"https:\/\/spitzeberaten.de\/?cat=8\">Sparen<\/a><\/h4>\n<p>Sparen hei\u00dft nicht nur Geld zur\u00fccklegen, sondern auch beim Einkauf weniger ausgeben. Welche Bonusprogramme eignen sich? Wo gibt es interessante Coupons oder Prozente f\u00fcr Ihren Einkauf?<\/p>\n","protected":false},"excerpt":{"rendered":"<p>&#8230; aber nicht hier bei: Spitze Beraten! Hier werden Ratschl\u00e4ge und Tipps zu den Themen Immobilien, Geldanlagen, Finanzierungen und Reisen<\/p>\n","protected":false},"author":2,"featured_media":0,"parent":0,"menu_order":0,"comment_status":"closed","ping_status":"closed","template":"","meta":{"colormag_page_layout":"default_layout","footnotes":""},"class_list":["post-20","page","type-page","status-publish","hentry"],"_links":{"self":[{"href":"https:\/\/spitzeberaten.de\/index.php?rest_route=\/wp\/v2\/pages\/20","targetHints":{"allow":["GET"]}}],"collection":[{"href":"https:\/\/spitzeberaten.de\/index.php?rest_route=\/wp\/v2\/pages"}],"about":[{"href":"https:\/\/spitzeberaten.de\/index.php?rest_route=\/wp\/v2\/types\/page"}],"author":[{"embeddable":true,"href":"https:\/\/spitzeberaten.de\/index.php?rest_route=\/wp\/v2\/users\/2"}],"replies":[{"embeddable":true,"href":"https:\/\/spitzeberaten.de\/index.php?rest_route=%2Fwp%2Fv2%2Fcomments&post=20"}],"version-history":[{"count":7,"href":"https:\/\/spitzeberaten.de\/index.php?rest_route=\/wp\/v2\/pages\/20\/revisions"}],"predecessor-version":[{"id":662,"href":"https:\/\/spitzeberaten.de\/index.php?rest_route=\/wp\/v2\/pages\/20\/revisions\/662"}],"wp:attachment":[{"href":"https:\/\/spitzeberaten.de\/index.php?rest_route=%2Fwp%2Fv2%2Fmedia&parent=20"}],"curies":[{"name":"wp","href":"https:\/\/api.w.org\/{rel}","templated":true}]}}